{"id":76,"date":"2019-02-08T17:28:42","date_gmt":"2019-02-08T15:28:42","guid":{"rendered":"http:\/\/kvarkenfolk2020.vaasa.ws\/?page_id=76"},"modified":"2020-03-03T15:22:23","modified_gmt":"2020-03-03T13:22:23","slug":"artister","status":"publish","type":"page","link":"http:\/\/kvarkenfolk2020.vaasa.ws\/?page_id=76","title":{"rendered":"Artister"},"content":{"rendered":"<p><span style=\"color: #ff0000;\"><strong>Upptr\u00e4dande-Kvarken Folk 2020-Esiintyj\u00e4t<br \/>\n<\/strong><\/span><\/p>\n<p><em><span style=\"color: #0000ff;\">*N\u00e4rpes spelmansgille<br \/>\n<\/span><\/em><\/p>\n<p><em><span style=\"color: #0000ff;\">*V\u00e4lisoittajat<br \/>\n<\/span><\/em><\/p>\n<p><em><span style=\"color: #0000ff;\">*Ume\u00e5 spelmanslag<br \/>\n<\/span><\/em><\/p>\n<p><em><span style=\"color: #0000ff;\">*The L\u00e5tmores<br \/>\n<\/span><\/em><\/p>\n<p><em><span style=\"color: #0000ff;\">*Matilda Mother Band<\/span><\/em><\/p>\n<p><em><span style=\"color: #0000ff;\">*St\u00e4mmBandet<\/span><\/em><\/p>\n<p><em><span style=\"color: #0000ff;\">*Sein\u00e4joen Kaksiriviset<\/span><\/em><strong><span style=\"color: #0000ff;\"><br \/>\n<\/span><\/strong><\/p>\n<p><em><span style=\"color: #0000ff;\">*Sorsele Spelmanslag<\/span><\/em><\/p>\n<p><em><span style=\"color: #0000ff;\">*Grimtjuk<\/span><\/em><\/p>\n<p><em><span style=\"color: #0000ff;\">*Salongsorkestern<\/span><\/em><\/p>\n<p><em><span style=\"color: #0000ff;\">*Double J Twins<\/span><\/em><strong><span style=\"color: #0000ff;\"><br \/>\n<\/span><\/strong><\/p>\n<p>&nbsp;<\/p>\n<p><em><span style=\"color: #3366ff;\"><strong><br \/>\n<\/strong><\/span><br \/>\n<\/em><\/p>\n<p>&nbsp;<\/p>\n<p><em><strong>\u00a0<\/strong><\/em><\/p>\n<p>&nbsp;<\/p>\n","protected":false},"excerpt":{"rendered":"<p>Upptr\u00e4dande-Kvarken Folk 2020-Esiintyj\u00e4t *N\u00e4rpes spelmansgille *V\u00e4lisoittajat *Ume\u00e5 spelmanslag *The L\u00e5tmores *Matilda Mother Band *St\u00e4mmBandet *Sein\u00e4joen Kaksiriviset *Sorsele Spelmanslag *Grimtjuk *Salongsorkestern *Double J Twins &nbsp; &nbsp; \u00a0 &nbsp;<\/p>\n","protected":false},"author":2,"featured_media":0,"parent":0,"menu_order":0,"comment_status":"closed","ping_status":"closed","template":"","meta":[],"_links":{"self":[{"href":"http:\/\/kvarkenfolk2020.vaasa.ws\/index.php?rest_route=\/wp\/v2\/pages\/76"}],"collection":[{"href":"http:\/\/kvarkenfolk2020.vaasa.ws\/index.php?rest_route=\/wp\/v2\/pages"}],"about":[{"href":"http:\/\/kvarkenfolk2020.vaasa.ws\/index.php?rest_route=\/wp\/v2\/types\/page"}],"author":[{"embeddable":true,"href":"http:\/\/kvarkenfolk2020.vaasa.ws\/index.php?rest_route=\/wp\/v2\/users\/2"}],"replies":[{"embeddable":true,"href":"http:\/\/kvarkenfolk2020.vaasa.ws\/index.php?rest_route=%2Fwp%2Fv2%2Fcomments&post=76"}],"version-history":[{"count":18,"href":"http:\/\/kvarkenfolk2020.vaasa.ws\/index.php?rest_route=\/wp\/v2\/pages\/76\/revisions"}],"predecessor-version":[{"id":236,"href":"http:\/\/kvarkenfolk2020.vaasa.ws\/index.php?rest_route=\/wp\/v2\/pages\/76\/revisions\/236"}],"wp:attachment":[{"href":"http:\/\/kvarkenfolk2020.vaasa.ws\/index.php?rest_route=%2Fwp%2Fv2%2Fmedia&parent=76"}],"curies":[{"name":"wp","href":"https:\/\/api.w.org\/{rel}","templated":true}]}}