{"id":50,"date":"2018-12-09T16:55:21","date_gmt":"2018-12-09T14:55:21","guid":{"rendered":"http:\/\/kvarkenfolk2020.vaasa.ws\/?page_id=50"},"modified":"2020-02-07T14:58:08","modified_gmt":"2020-02-07T12:58:08","slug":"medverka-i-kvarken-folk-2019","status":"publish","type":"page","link":"http:\/\/kvarkenfolk2020.vaasa.ws\/?page_id=50","title":{"rendered":"Medverka i Kvarken Folk 2020"},"content":{"rendered":"<p>I fall du eller en grupp spelm\u00e4n skulle vara intresserade att medverka\/upptr\u00e4da i \u00e5rets Kvarken Folk kryssning v\u00e4nligen kontakta kvarkenfolk@vaasa.ws<\/p>\n<p>Man beh\u00f6ver inte h\u00f6ra till n\u00e5got spelmansf\u00f6rbund f\u00f6r att medverka s\u00e5 ta tillf\u00e4llet i akt och h\u00f6r av er om ni \u00e4r intresserade!<\/p>\n<p>&nbsp;<\/p>\n<p>Allspels\u00e5tar:<\/p>\n<ol>\n<li>\u00d6ver Kvarken<\/li>\n<li>Br\u00e4nnvinspolska<\/li>\n<li>Brudens f\u00f6rsta vals<\/li>\n<li>Holandspolskan<\/li>\n<li>Finska polkan<\/li>\n<li>Hambo i midsommarnatten<\/li>\n<li>Visslanvalsen<\/li>\n<\/ol>\n<p>Noterna i pdf-format nedan:<\/p>\n<p><a href=\"http:\/\/kvarkenfolk2020.vaasa.ws\/wp-content\/uploads\/2019\/03\/\u00d6ver-Kvarken-L\u00e5t.pdf\">\u00d6ver Kvarken L\u00e5t<\/a><\/p>\n<p><a href=\"http:\/\/kvarkenfolk2020.vaasa.ws\/wp-content\/uploads\/2019\/03\/Bra\u0308nnvinspolska-kvarken-2019.pdf\">Bra\u0308nnvinspolska<\/a><\/p>\n<p><a href=\"http:\/\/kvarkenfolk2020.vaasa.ws\/wp-content\/uploads\/2019\/03\/Brudens-fo\u0308rsta-vals-kvarken-2019.pdf\">Brudens fo\u0308rsta vals<\/a><\/p>\n<p><a href=\"http:\/\/kvarkenfolk2020.vaasa.ws\/wp-content\/uploads\/2019\/03\/Holandspolska.pdf\">Holandspolskan<\/a><\/p>\n<p><a href=\"http:\/\/kvarkenfolk2020.vaasa.ws\/wp-content\/uploads\/2019\/03\/Finska-polkan.pdf\">Finska polkan<\/a><\/p>\n<p><a href=\"http:\/\/kvarkenfolk2020.vaasa.ws\/wp-content\/uploads\/2020\/02\/Hambo-i-Midsommarnatten.pdf\">Hambo i Midsommarnatten<\/a><\/p>\n<p><a href=\"http:\/\/kvarkenfolk2020.vaasa.ws\/wp-content\/uploads\/2020\/02\/Visslanvalsen.pdf\">Visslanvalsen<\/a><\/p>\n<p>&nbsp;<\/p>\n<p>&nbsp;<\/p>\n<p>&nbsp;<\/p>\n","protected":false},"excerpt":{"rendered":"<p>I fall du eller en grupp spelm\u00e4n skulle vara intresserade att medverka\/upptr\u00e4da i \u00e5rets Kvarken Folk kryssning v\u00e4nligen kontakta kvarkenfolk@vaasa.ws Man beh\u00f6ver inte h\u00f6ra till n\u00e5got spelmansf\u00f6rbund f\u00f6r att medverka s\u00e5 ta tillf\u00e4llet i akt och h\u00f6r av er om ni \u00e4r intresserade! &nbsp; Allspels\u00e5tar: \u00d6ver Kvarken Br\u00e4nnvinspolska Brudens f\u00f6rsta vals Holandspolskan Finska polkan Hambo &hellip; <\/p>\n<p class=\"link-more\"><a href=\"http:\/\/kvarkenfolk2020.vaasa.ws\/?page_id=50\" class=\"more-link\">Forts\u00e4tt l\u00e4sa<span class=\"screen-reader-text\"> &#8221;Medverka i Kvarken Folk 2020&#8221;<\/span><\/a><\/p>\n","protected":false},"author":2,"featured_media":0,"parent":0,"menu_order":0,"comment_status":"closed","ping_status":"closed","template":"","meta":[],"_links":{"self":[{"href":"http:\/\/kvarkenfolk2020.vaasa.ws\/index.php?rest_route=\/wp\/v2\/pages\/50"}],"collection":[{"href":"http:\/\/kvarkenfolk2020.vaasa.ws\/index.php?rest_route=\/wp\/v2\/pages"}],"about":[{"href":"http:\/\/kvarkenfolk2020.vaasa.ws\/index.php?rest_route=\/wp\/v2\/types\/page"}],"author":[{"embeddable":true,"href":"http:\/\/kvarkenfolk2020.vaasa.ws\/index.php?rest_route=\/wp\/v2\/users\/2"}],"replies":[{"embeddable":true,"href":"http:\/\/kvarkenfolk2020.vaasa.ws\/index.php?rest_route=%2Fwp%2Fv2%2Fcomments&post=50"}],"version-history":[{"count":8,"href":"http:\/\/kvarkenfolk2020.vaasa.ws\/index.php?rest_route=\/wp\/v2\/pages\/50\/revisions"}],"predecessor-version":[{"id":212,"href":"http:\/\/kvarkenfolk2020.vaasa.ws\/index.php?rest_route=\/wp\/v2\/pages\/50\/revisions\/212"}],"wp:attachment":[{"href":"http:\/\/kvarkenfolk2020.vaasa.ws\/index.php?rest_route=%2Fwp%2Fv2%2Fmedia&parent=50"}],"curies":[{"name":"wp","href":"https:\/\/api.w.org\/{rel}","templated":true}]}}