{"id":29,"date":"2018-11-26T10:05:57","date_gmt":"2018-11-26T10:05:57","guid":{"rendered":"http:\/\/kvarkenfolk2020.vaasa.ws\/?page_id=29"},"modified":"2020-03-03T15:53:09","modified_gmt":"2020-03-03T13:53:09","slug":"annat-att-veta","status":"publish","type":"page","link":"http:\/\/kvarkenfolk2020.vaasa.ws\/?page_id=29","title":{"rendered":"Program ombord"},"content":{"rendered":"<p><strong>\u00a0<\/strong><\/p>\n<p><strong>* <em><span style=\"color: #ff0000;\">Dansbar\/Tanssibaari<\/span><\/em><\/strong><\/p>\n<p><span style=\"color: #0000ff;\">Vasa-Ume\u00e5, Vaasa-Uumaja<\/span><\/p>\n<ul>\n<li>09.30-09.40<\/li>\n<li>09.50-10.10<\/li>\n<li>10.20-10.40<\/li>\n<li>10.50-11.20<\/li>\n<li>11.30-12.00<\/li>\n<li>12.10-12.40<\/li>\n<li>12.50-13.20<br \/>\n<hr \/>\n<\/li>\n<\/ul>\n<p><span style=\"color: #0000ff;\">Ume\u00e5-Vasa, Uumaja-Vaasa<\/span><\/p>\n<ul>\n<li>19.00-19.30<\/li>\n<li>19.40-20.10<\/li>\n<li>20.20-20.50<\/li>\n<li>21.00-21.30<\/li>\n<li>21.40-22.10<\/li>\n<li>22.20-22.50<\/li>\n<li>22.55-23.05<\/li>\n<li>23.10-23.30 Allspel\/Yhteisesitys<\/li>\n<\/ul>\n<hr \/>\n<p><strong>* <em><span style=\"color: #ff0000;\">Konferenssalen\/Konferenssisali<\/span><\/em><\/strong><\/p>\n<p><span style=\"color: #0000ff;\">Vasa-Ume\u00e5, Vaasa-Uumaja<\/span><\/p>\n<ul>\n<li>09.30-10.00<\/li>\n<li>10.10-10.20<\/li>\n<li>10.25-10.55<\/li>\n<li>11.00-11.20<\/li>\n<li>11.30-11.40<\/li>\n<li>11.50-12.20<\/li>\n<li>19.00-19.30<\/li>\n<li>19.40-20.10<\/li>\n<li>20.20-20.50<\/li>\n<li>21.00-21.30<\/li>\n<li>21.40-22.10<\/li>\n<li>22.20-22.50<\/li>\n<\/ul>\n<hr \/>\n<p>&nbsp;<\/p>\n<p><strong>* Invid cafeterian &#8221;Open-stage\/Jam&#8221; Cafeterian luona<br \/>\n<\/strong><\/p>\n<ul>\n<li>Open stage scenen har inget best\u00e4mt program utan reserveras p\u00e5 plats med kort varsel\/Ei erityist\u00e4 ohjelmaa-varaus paikan p\u00e4\u00e4ll\u00e4.<\/li>\n<\/ul>\n<p>&nbsp;<\/p>\n<p><strong>* S\u00e5kallade &#8221;Buskspelpunkter&#8221; i olika delar av fartyget\/Ns &#8221;Pelimannipenkit&#8221; eri puolilla alusta.<br \/>\n<\/strong><\/p>\n<p>&nbsp;<\/p>\n<p><strong>Under hamntiden i Holmsund ordnas Workshops och samspelstillf\u00e4llen ombord som \u00e4r \u00f6ppna f\u00f6r vem som helst-ingen avgift!<\/strong><\/p>\n<p><strong>Iltap\u00e4iv\u00e4ll\u00e4 holmsundissa j\u00e4rjestet\u00e4\u00e4n laivalla &#8221;musapajoja&#8221; ja yhteissoittoa johon voi itsekukin halutessaan osallistua-Maksuton!<br \/>\n<\/strong><\/p>\n<p>Arrangerar\/J\u00e4rjest\u00e4\u00e4:<\/p>\n<ul>\n<li>Janeta&amp;Jessica \u00d6sterberg (DoubleJ Twins) \/ Finland\/Suomi<\/li>\n<li>Peter \u00d6qvist (Ume\u00e5 Spelmanslag)\/Sverige\/Ruotsi<\/li>\n<li>Paul Sinclair (The L\u00e5mores) Skottland\/Skotlanti<\/li>\n<\/ul>\n<p><strong>* Under returresan till Vasa sv\u00e4ngig dansmusik i dansbaren hela kv\u00e4llen. Kv\u00e4llens h\u00f6jdpunkt blir d\u00e5 samtliga spelm\u00e4n st\u00e4ller upp f\u00f6r samspel i dansbaren innan vi anl\u00e4nder till Vasklot hamn 23.30.<\/strong><\/p>\n<p><strong>Paluumatkalla Vaasaan vauhdikasta tanssimusiikkia tanssibaarissa koko illan ajan. Kohokohtana kaikki pelimannit kokoontuvat baariin yhteisesitykseen juuri ennen saapumista vaasan satamaan klo 23.30<br \/>\n<\/strong><\/p>\n<p>&nbsp;<\/p>\n","protected":false},"excerpt":{"rendered":"<p>\u00a0 * Dansbar\/Tanssibaari Vasa-Ume\u00e5, Vaasa-Uumaja 09.30-09.40 09.50-10.10 10.20-10.40 10.50-11.20 11.30-12.00 12.10-12.40 12.50-13.20 Ume\u00e5-Vasa, Uumaja-Vaasa 19.00-19.30 19.40-20.10 20.20-20.50 21.00-21.30 21.40-22.10 22.20-22.50 22.55-23.05 23.10-23.30 Allspel\/Yhteisesitys * Konferenssalen\/Konferenssisali Vasa-Ume\u00e5, Vaasa-Uumaja 09.30-10.00 10.10-10.20 10.25-10.55 11.00-11.20 11.30-11.40 11.50-12.20 19.00-19.30 19.40-20.10 20.20-20.50 21.00-21.30 21.40-22.10 22.20-22.50 &nbsp; * Invid cafeterian &#8221;Open-stage\/Jam&#8221; Cafeterian luona Open stage scenen har inget best\u00e4mt program utan reserveras &hellip; <\/p>\n<p class=\"link-more\"><a href=\"http:\/\/kvarkenfolk2020.vaasa.ws\/?page_id=29\" class=\"more-link\">Forts\u00e4tt l\u00e4sa<span class=\"screen-reader-text\"> &#8221;Program ombord&#8221;<\/span><\/a><\/p>\n","protected":false},"author":2,"featured_media":0,"parent":0,"menu_order":0,"comment_status":"closed","ping_status":"closed","template":"","meta":[],"_links":{"self":[{"href":"http:\/\/kvarkenfolk2020.vaasa.ws\/index.php?rest_route=\/wp\/v2\/pages\/29"}],"collection":[{"href":"http:\/\/kvarkenfolk2020.vaasa.ws\/index.php?rest_route=\/wp\/v2\/pages"}],"about":[{"href":"http:\/\/kvarkenfolk2020.vaasa.ws\/index.php?rest_route=\/wp\/v2\/types\/page"}],"author":[{"embeddable":true,"href":"http:\/\/kvarkenfolk2020.vaasa.ws\/index.php?rest_route=\/wp\/v2\/users\/2"}],"replies":[{"embeddable":true,"href":"http:\/\/kvarkenfolk2020.vaasa.ws\/index.php?rest_route=%2Fwp%2Fv2%2Fcomments&post=29"}],"version-history":[{"count":15,"href":"http:\/\/kvarkenfolk2020.vaasa.ws\/index.php?rest_route=\/wp\/v2\/pages\/29\/revisions"}],"predecessor-version":[{"id":237,"href":"http:\/\/kvarkenfolk2020.vaasa.ws\/index.php?rest_route=\/wp\/v2\/pages\/29\/revisions\/237"}],"wp:attachment":[{"href":"http:\/\/kvarkenfolk2020.vaasa.ws\/index.php?rest_route=%2Fwp%2Fv2%2Fmedia&parent=29"}],"curies":[{"name":"wp","href":"https:\/\/api.w.org\/{rel}","templated":true}]}}