{"id":28,"date":"2018-11-26T10:05:57","date_gmt":"2018-11-26T10:05:57","guid":{"rendered":"http:\/\/kvarkenfolk2020.vaasa.ws\/?page_id=28"},"modified":"2020-02-10T18:35:28","modified_gmt":"2020-02-10T16:35:28","slug":"priser","status":"publish","type":"page","link":"http:\/\/kvarkenfolk2020.vaasa.ws\/?page_id=28","title":{"rendered":"Boka din resa"},"content":{"rendered":"<p>Paketkryssning med 4h shoppingtid i Ume\u00e5\/Pakettiristeily 4h shoppausaikaa Uumajassa<\/p>\n<p><a href=\"http:\/\/www.lindelltravel.fi\/sv\/musik-pa-kvarken\" target=\"_blank\" rel=\"noopener\"><img loading=\"lazy\" class=\"alignnone wp-image-138 size-medium\" src=\"http:\/\/kvarkenfolk2020.vaasa.ws\/wp-content\/uploads\/2019\/03\/GL-Lindell-Travel-logo-3-300x102.jpg\" alt=\"\" width=\"300\" height=\"102\" srcset=\"http:\/\/kvarkenfolk2020.vaasa.ws\/wp-content\/uploads\/2019\/03\/GL-Lindell-Travel-logo-3-300x102.jpg 300w, http:\/\/kvarkenfolk2020.vaasa.ws\/wp-content\/uploads\/2019\/03\/GL-Lindell-Travel-logo-3-768x261.jpg 768w, http:\/\/kvarkenfolk2020.vaasa.ws\/wp-content\/uploads\/2019\/03\/GL-Lindell-Travel-logo-3-1024x348.jpg 1024w\" sizes=\"(max-width: 300px) 100vw, 300px\" \/><\/a><\/p>\n<h3><strong>Reseprogram\/Matkaohjelma:<\/strong><\/h3>\n<p><strong>Buss Nord:<\/strong> start prelimin\u00e4rt fr\u00e5n Edsev\u00f6\/Jakobstad kl. 05.40, via Nykarleby, Oravais, V\u00f6r\u00e5, Vasa, ankomst hamnen i Vasklot kl. 08.00.<\/p>\n<p><strong>Bussi Pohjoinen<\/strong>: l\u00e4ht\u00f6 alustavasti Edsev\u00f6\/Pietarsaari klo. 05.40, Uudenkarlepyyn kautta, Oravainen, V\u00f6yri, Vaasa, saapuminen Vaskiluodon satamaan klo 08.00.<\/p>\n<p>&#8212;&#8212;&#8212;&#8212;&#8212;&#8212;&#8212;&#8212;&#8212;&#8212;&#8212;&#8212;&#8212;&#8212;&#8212;&#8212;&#8212;&#8212;&#8212;&#8212;&#8212;&#8211;<\/p>\n<p><strong>Buss Syd:<\/strong> start prelimin\u00e4rt fr\u00e5n Lappfj\u00e4rd kl. 05.50, via Kristinestad, N\u00e4rpes , Rangsby, Korsn\u00e4s, Malax, Sundom, ankomst hamnen i Vasklot kl. 08.00.<\/p>\n<p><strong>Bussi Etel\u00e4:<\/strong> l\u00e4ht\u00f6 alustavasti Lappv\u00e4\u00e4rtist\u00e4 klo 05.50, Kristiinankaupungin kautta, N\u00e4rpi\u00f6, Rangsby, Maalahti, Sundom, saapumien vaskiluodon satama klo 08.00<\/p>\n<p>&nbsp;<\/p>\n<p>Wasalines <em>M\/S Wasa Express<\/em> avg\u00e5r fr\u00e5n Vasklot hamn i Vasa kl.09.00 (finsk tid) och ankommer Holmsund kl. 12.30 (svensk tid). Bussen in till Ume\u00e5 avg\u00e5r direkt efter ankomst till Holmsund. M\u00f6jlighet att stanna ombord medan f\u00e4rjan ligger i hamn, f\u00f6r musikprogram ordnas \u00e4ven nu.<\/p>\n<p>Wasalinen M\/S Wasa Express l\u00e4ht\u00f6 Vaasan Vaskiluodon satamasta klo 09.00(suomen aikaa) ja saapuminen Holmsundiin klo 12.30 (ruotsin aikaa). Bussi Uumajaan l\u00e4htee heti laivan saavuttua Holmsundiin. Mahdollista my\u00f6s j\u00e4\u00e4d\u00e4 laivaan koska ohjelmaa j\u00e4rjestet\u00e4\u00e4n koko p\u00e4iv\u00e4n ajan.<\/p>\n<p>&nbsp;<\/p>\n<p>Bussen in till Ume\u00e5 \u00e5ker via Avion Shopping som har \u00f6ver 80 butiker, d\u00e4ribland IKEA, s\u00e5 vill man h\u00e5lla till h\u00e4r hela dagen s\u00e5 \u00e4r det m\u00f6jligt. Vill man vara halva tiden i Ume\u00e5 centrum och halva tiden p\u00e5 Avion s\u00e5 \u00e4r det ocks\u00e5 m\u00f6jligt. Bussen \u00e5ker en sv\u00e4ng till Avion efter halva dagen, sedan tillbaka till centrum, och via Avion igen mot Holmsund. Exakta tider ges i bussen.<\/p>\n<p>Bussi Uumajaan ajaa Avion Shoppingin kautta jossa yli 80 kauppaa, mm IKEA, johon voi halutessaan j\u00e4\u00e4d\u00e4 koko p\u00e4iv\u00e4n ajaksi. Mik\u00e4li haluaa olla puolet p\u00e4iv\u00e4st\u00e4 Uumajan keskustassa ja toisen puolen\u00a0 Avionissa niin sekin k\u00e4y. Bussi k\u00e4y Avionissa puolen p\u00e4iv\u00e4n j\u00e4lkeen k\u00e4\u00e4ntym\u00e4ss\u00e4 ja palaa sen j\u00e4lkeen takaisin Uumajan keskustaan ja sitten taas takaisin Avionin kautta Holmsundiin. Tarkemmat ajat ilmoitetaan bussissa.<\/p>\n<p>&nbsp;<\/p>\n<p><em>M\/S Wasa Express<\/em> avg\u00e5r fr\u00e5n Holmsund kl. 18.00 (svensk tid) och ankommer Vasklot hamn kl. 23.30 (finsk tid). Bussen hem\u00e5t avg\u00e5r efter att vi r\u00e4knat in alla.<\/p>\n<p>M\/S Wasa Express l\u00e4htee Holmsundista klo 18.00 (ruotsin aikaa) ja saapuu Vaskiluodon satamaan klo 23.30 (suomen aikaa). Bussi l\u00e4htee kotiinp\u00e4in kun ollaan varmistettu ett\u00e4 kaikki\u00a0 ovat mukana.<\/p>\n<h3><\/h3>\n<h5>Prislista och resefakta hittar du genom att klickka <a href=\"http:\/\/www.lindelltravel.fi\/sv\/musik-pa-kvarken\" target=\"_blank\" rel=\"noopener\">h\u00e4r<\/a><\/h5>\n<h5>HINNASTON ja lis\u00e4tietoa matkasta l\u00f6yd\u00e4t <a href=\"http:\/\/www.lindelltravel.fi\/sv\/musik-pa-kvarken\">t\u00e4st\u00e4<\/a><\/h5>\n<p>&nbsp;<\/p>\n<p>Boka din resa direkt via Wasaline genom att klicka <a href=\"https:\/\/www.wasaline.com\/kryssningsprogramsida\/\" target=\"_blank\" rel=\"noopener\"><em><strong>h\u00e4r<\/strong><\/em><\/a><\/p>\n<p>Varaa matkasi suoraan Wasalinelt\u00e4 <a href=\"https:\/\/www.wasaline.com\/kampanjer\/28-3-kvarken-folk\/\"><strong>t\u00e4st\u00e4<\/strong><\/a><\/p>\n","protected":false},"excerpt":{"rendered":"<p>Paketkryssning med 4h shoppingtid i Ume\u00e5\/Pakettiristeily 4h shoppausaikaa Uumajassa Reseprogram\/Matkaohjelma: Buss Nord: start prelimin\u00e4rt fr\u00e5n Edsev\u00f6\/Jakobstad kl. 05.40, via Nykarleby, Oravais, V\u00f6r\u00e5, Vasa, ankomst hamnen i Vasklot kl. 08.00. Bussi Pohjoinen: l\u00e4ht\u00f6 alustavasti Edsev\u00f6\/Pietarsaari klo. 05.40, Uudenkarlepyyn kautta, Oravainen, V\u00f6yri, Vaasa, saapuminen Vaskiluodon satamaan klo 08.00. &#8212;&#8212;&#8212;&#8212;&#8212;&#8212;&#8212;&#8212;&#8212;&#8212;&#8212;&#8212;&#8212;&#8212;&#8212;&#8212;&#8212;&#8212;&#8212;&#8212;&#8212;&#8211; Buss Syd: start prelimin\u00e4rt fr\u00e5n Lappfj\u00e4rd kl. 05.50, &hellip; <\/p>\n<p class=\"link-more\"><a href=\"http:\/\/kvarkenfolk2020.vaasa.ws\/?page_id=28\" class=\"more-link\">Forts\u00e4tt l\u00e4sa<span class=\"screen-reader-text\"> &#8221;Boka din resa&#8221;<\/span><\/a><\/p>\n","protected":false},"author":2,"featured_media":0,"parent":0,"menu_order":0,"comment_status":"closed","ping_status":"closed","template":"","meta":[],"_links":{"self":[{"href":"http:\/\/kvarkenfolk2020.vaasa.ws\/index.php?rest_route=\/wp\/v2\/pages\/28"}],"collection":[{"href":"http:\/\/kvarkenfolk2020.vaasa.ws\/index.php?rest_route=\/wp\/v2\/pages"}],"about":[{"href":"http:\/\/kvarkenfolk2020.vaasa.ws\/index.php?rest_route=\/wp\/v2\/types\/page"}],"author":[{"embeddable":true,"href":"http:\/\/kvarkenfolk2020.vaasa.ws\/index.php?rest_route=\/wp\/v2\/users\/2"}],"replies":[{"embeddable":true,"href":"http:\/\/kvarkenfolk2020.vaasa.ws\/index.php?rest_route=%2Fwp%2Fv2%2Fcomments&post=28"}],"version-history":[{"count":13,"href":"http:\/\/kvarkenfolk2020.vaasa.ws\/index.php?rest_route=\/wp\/v2\/pages\/28\/revisions"}],"predecessor-version":[{"id":224,"href":"http:\/\/kvarkenfolk2020.vaasa.ws\/index.php?rest_route=\/wp\/v2\/pages\/28\/revisions\/224"}],"wp:attachment":[{"href":"http:\/\/kvarkenfolk2020.vaasa.ws\/index.php?rest_route=%2Fwp%2Fv2%2Fmedia&parent=28"}],"curies":[{"name":"wp","href":"https:\/\/api.w.org\/{rel}","templated":true}]}}