{"id":27,"date":"2018-11-26T10:05:57","date_gmt":"2018-11-26T10:05:57","guid":{"rendered":"http:\/\/kvarkenfolk2020.vaasa.ws\/?page_id=27"},"modified":"2020-02-10T17:12:03","modified_gmt":"2020-02-10T15:12:03","slug":"tidtabeller","status":"publish","type":"page","link":"http:\/\/kvarkenfolk2020.vaasa.ws\/?page_id=27","title":{"rendered":"Tidtabeller\/Aikataulut"},"content":{"rendered":"<p><a href=\"http:\/\/kvarkenfolk2020.vaasa.ws\/wp-content\/uploads\/2019\/03\/kvarken-folk-logo.jpg\"><img loading=\"lazy\" class=\"alignnone wp-image-151 size-medium\" src=\"http:\/\/kvarkenfolk2020.vaasa.ws\/wp-content\/uploads\/2019\/03\/kvarken-folk-logo-300x152.jpg\" alt=\"\" width=\"300\" height=\"152\" srcset=\"http:\/\/kvarkenfolk2020.vaasa.ws\/wp-content\/uploads\/2019\/03\/kvarken-folk-logo-300x152.jpg 300w, http:\/\/kvarkenfolk2020.vaasa.ws\/wp-content\/uploads\/2019\/03\/kvarken-folk-logo-768x389.jpg 768w, http:\/\/kvarkenfolk2020.vaasa.ws\/wp-content\/uploads\/2019\/03\/kvarken-folk-logo.jpg 960w\" sizes=\"(max-width: 300px) 100vw, 300px\" \/><\/a><\/p>\n<p>L\u00f6rdag\/Lauantai<br \/>\nVasa-Ume\u00e5 09.00-12.30\u00a0\u00a0\u00a0\u00a0\u00a0\u00a0\u00a0\u00a0\u00a0\u00a0\u00a0\u00a0\u00a0\u00a0\u00a0\u00a0\u00a0\u00a0\u00a0\u00a0\u00a0\u00a0\u00a0\u00a0\u00a0\u00a0\u00a0\u00a0\u00a0\u00a0\u00a0\u00a0\u00a0\u00a0\u00a0\u00a0\u00a0\u00a0\u00a0\u00a0\u00a0\u00a0\u00a0\u00a0\u00a0\u00a0\u00a0\u00a0\u00a0\u00a0\u00a0\u00a0\u00a0\u00a0\u00a0\u00a0\u00a0\u00a0\u00a0\u00a0\u00a0\u00a0\u00a0\u00a0\u00a0\u00a0\u00a0\u00a0\u00a0\u00a0\u00a0\u00a0\u00a0\u00a0\u00a0\u00a0\u00a0\u00a0\u00a0\u00a0\u00a0\u00a0 \u00a0 \u00a0 \u00a0 \u00a0 \u00a0 \u00a0 \u00a0 \u00a0 \u00a0 \u00a0 \u00a0 \u00a0 Ume\u00e5-Vasa 18.00-23.30<\/p>\n<p>S\u00f6ndag\/Sunnuntai<br \/>\nVasa-Ume\u00e5 08.00-11.30<br \/>\nUme\u00e5-Vasa 13.00-18.30<br \/>\nVasa-Ume\u00e5 20.00-23.30<\/p>\n<p><span style=\"color: #ff0000;\">**OBSERVERA\/HUOMIO**<\/span><br \/>\n<span style=\"color: #ff0000;\">Avg\u00e5ngs- och ankomsttider anges i lokal tid. \/ Kaikki ajat ovat paikallista aikaa<\/span><\/p>\n","protected":false},"excerpt":{"rendered":"<p>L\u00f6rdag\/Lauantai Vasa-Ume\u00e5 09.00-12.30\u00a0\u00a0\u00a0\u00a0\u00a0\u00a0\u00a0\u00a0\u00a0\u00a0\u00a0\u00a0\u00a0\u00a0\u00a0\u00a0\u00a0\u00a0\u00a0\u00a0\u00a0\u00a0\u00a0\u00a0\u00a0\u00a0\u00a0\u00a0\u00a0\u00a0\u00a0\u00a0\u00a0\u00a0\u00a0\u00a0\u00a0\u00a0\u00a0\u00a0\u00a0\u00a0\u00a0\u00a0\u00a0\u00a0\u00a0\u00a0\u00a0\u00a0\u00a0\u00a0\u00a0\u00a0\u00a0\u00a0\u00a0\u00a0\u00a0\u00a0\u00a0\u00a0\u00a0\u00a0\u00a0\u00a0\u00a0\u00a0\u00a0\u00a0\u00a0\u00a0\u00a0\u00a0\u00a0\u00a0\u00a0\u00a0\u00a0\u00a0\u00a0\u00a0 \u00a0 \u00a0 \u00a0 \u00a0 \u00a0 \u00a0 \u00a0 \u00a0 \u00a0 \u00a0 \u00a0 \u00a0 Ume\u00e5-Vasa 18.00-23.30 S\u00f6ndag\/Sunnuntai Vasa-Ume\u00e5 08.00-11.30 Ume\u00e5-Vasa 13.00-18.30 Vasa-Ume\u00e5 20.00-23.30 **OBSERVERA\/HUOMIO** Avg\u00e5ngs- och ankomsttider anges i lokal tid. \/ Kaikki ajat ovat paikallista aikaa<\/p>\n","protected":false},"author":2,"featured_media":0,"parent":0,"menu_order":0,"comment_status":"closed","ping_status":"closed","template":"","meta":[],"_links":{"self":[{"href":"http:\/\/kvarkenfolk2020.vaasa.ws\/index.php?rest_route=\/wp\/v2\/pages\/27"}],"collection":[{"href":"http:\/\/kvarkenfolk2020.vaasa.ws\/index.php?rest_route=\/wp\/v2\/pages"}],"about":[{"href":"http:\/\/kvarkenfolk2020.vaasa.ws\/index.php?rest_route=\/wp\/v2\/types\/page"}],"author":[{"embeddable":true,"href":"http:\/\/kvarkenfolk2020.vaasa.ws\/index.php?rest_route=\/wp\/v2\/users\/2"}],"replies":[{"embeddable":true,"href":"http:\/\/kvarkenfolk2020.vaasa.ws\/index.php?rest_route=%2Fwp%2Fv2%2Fcomments&post=27"}],"version-history":[{"count":5,"href":"http:\/\/kvarkenfolk2020.vaasa.ws\/index.php?rest_route=\/wp\/v2\/pages\/27\/revisions"}],"predecessor-version":[{"id":223,"href":"http:\/\/kvarkenfolk2020.vaasa.ws\/index.php?rest_route=\/wp\/v2\/pages\/27\/revisions\/223"}],"wp:attachment":[{"href":"http:\/\/kvarkenfolk2020.vaasa.ws\/index.php?rest_route=%2Fwp%2Fv2%2Fmedia&parent=27"}],"curies":[{"name":"wp","href":"https:\/\/api.w.org\/{rel}","templated":true}]}}