{"id":26,"date":"2018-11-26T10:05:56","date_gmt":"2018-11-26T10:05:56","guid":{"rendered":"http:\/\/kvarkenfolk2020.vaasa.ws\/?page_id=26"},"modified":"2020-03-13T11:42:56","modified_gmt":"2020-03-13T09:42:56","slug":"test-1","status":"publish","type":"page","link":"http:\/\/kvarkenfolk2020.vaasa.ws\/","title":{"rendered":"Kvarken Folk 2020"},"content":{"rendered":"<p>&nbsp;<\/p>\n<p>&nbsp;<\/p>\n<p>&nbsp;<\/p>\n<p>&nbsp;<\/p>\n<p><strong><span style=\"color: #ff0000;\">*Kryssningen inhiberad pga Corona-viruset\u00a0 *<\/span><\/strong><\/p>\n<p><strong><span style=\"color: #ff0000;\">*Risteily peruutettu Corona -viruksen vuoksi*\u00a0 <\/span><\/strong><\/p>\n<p><span style=\"color: #0000ff;\">Kvarken Folk 2020<\/span><\/p>\n<p>F\u00f6r tredje \u00e5ret i rad kommer m\/s Wasa Express att fyllas av folk-, spelmans- och dansmusik av varierande slag. Ett tiotal orkestrar och spelmanslag bjuder p\u00e5 musikupplevelser ombord under kryssningen.\u00a0 I fartygets konferensutrymmen(*) finns det en sk open-stage d\u00e4r vem som helst med kort varsel kan anm\u00e4la sitt intresse att upptr\u00e4da.\u00a0 I de st\u00f6rre aulorna ombord kan du ocks\u00e5 hitta sk &#8221;buskspelpunkter&#8221; d\u00e4r det \u00e4r fritt fram f\u00f6r var och en att jamma ensam eller tillsammans.<\/p>\n<p>Under dagstid i Ume\u00e5 anordnas i konferensavdelningen musik-workshops f\u00f6r den som \u00e4r intresserad d\u00e4r n\u00e5gra av spelm\u00e4nnen m\u00e5h\u00e4nda visar n\u00e5gra &#8221;speltrick&#8221; och kanske l\u00e4r ut n\u00e5gra l\u00e5tar. Denna g\u00e5ng dras workshopparna bla av Paul Sinclair (The L\u00e5tmores\/Skottland), Peter \u00d6qvist (Riksspelman\/Ume\u00e5) och Janeta&amp;Jessica \u00d6sterberg (DoubleJ Twins) Workshopparna \u00e4r avgiftsfria!<\/p>\n<p>Under kv\u00e4llsresan Ume\u00e5-Vasa bjuds p\u00e5 farfylld dansv\u00e4nlig musik i fartygets dansrestaurang. Kv\u00e4llen kommer att n\u00e5 sin h\u00f6jdpunkt d\u00e5 samtliga spelm\u00e4n st\u00e4mmer upp f\u00f6r allspel innan vi anl\u00e4nder till Vasa 23.30 &#8211; en unik musikupplevelse garanteras den som inte tidigare f\u00e5tt bevittna ett dylikt allspel.<\/p>\n<p>V\u00e4lkomna med p\u00e5 Kvarken Folk 2020-kryssning!<\/p>\n<p>_____________________________________________________<\/p>\n<p>Kolmatta vuotta per\u00e4kk\u00e4in Wasalinen M\/s Wasa Express t\u00e4yttyy vaihtelevasta folk-, pelimanni- ja tanssimusiikista. Kymmenkunta orkesteria ja pelimanniporukkaa tarjoavat musiikkiel\u00e4myksi\u00e4 koko risteilyn ajan. Laivan konferanssi tiloissa(*) ns open-stage jossa kuka tahansa voi halutessaan ilmoittautua esiintym\u00e4\u00e4n nopealla varoitusajalla. Isompien aulojen varella my\u00f6s &#8221;pelimannipenkkej\u00e4&#8221; joissa voi vapaasti jammailla yksin tai yhdess\u00e4.<\/p>\n<p>Laivan ollessa satamassa iltap\u00e4iv\u00e4ll\u00e4 uumajan puolella j\u00e4rjestet\u00e4\u00e4n ns &#8221;Workshopeja&#8221; joissa vierailevat artistit esittelev\u00e4t omia soittokikkoja ja opettavat muutaman biisin osallistujille. T\u00e4ll\u00e4 kertaa workshoppeja vet\u00e4v\u00e4t mm Paul Sinclair (The L\u00e5tmores\/Skotlanti), Peter \u00d6qvist (suurpelimanni\/Uumaja), Janeta&amp;Jessica \u00d6sterberg (DoubleJ Twins). Workshoppeihin osallistuminen on maksutonta.<\/p>\n<p>Illan paluumatkalla Uumaja-Vaasa tarjolla vauhdikasta tanssimusiikkia joka makuun aluksen tanssibaarissa. Illan kohokohtana yhteis-soittoesitys niinik\u00e4\u00e4n tanssibaarissa jossa kaikki pelimannit kokoontuvat yhdess\u00e4 soittamaan yleis\u00f6lle &#8211; ainutlaatuisen erinomainen musiikkiel\u00e4mys siis luvassa t\u00e4n\u00e4kin vuonna.<\/p>\n<p>Tervetuloa Kvarken Folk 2020-risteilylle!<\/p>\n<p>(*) Platserna kan eventuellt \u00e4nnu \u00e4ndras\/Sijainnit voivat viel\u00e4 muuttua.<\/p>\n<p>&nbsp;<\/p>\n<p><span style=\"color: #0000ff;\">Kvarken Folk 2020 anordnas av<\/span><span style=\"color: #0000ff;\"> Finlands svenska spelmansf\u00f6rbund i samarbete med Wasaline<\/span><\/p>\n<p><span style=\"color: #0000ff;\">Kvarken Folk 2020 j\u00e4rjest\u00e4\u00e4 yhteisty\u00f6ss\u00e4 Finlands svenska spelmansf\u00f6rbund ja Wasaline<br \/>\n<\/span><\/p>\n<p>&nbsp;<\/p>\n","protected":false},"excerpt":{"rendered":"<p>&nbsp; &nbsp; &nbsp; &nbsp; *Kryssningen inhiberad pga Corona-viruset\u00a0 * *Risteily peruutettu Corona -viruksen vuoksi*\u00a0 Kvarken Folk 2020 F\u00f6r tredje \u00e5ret i rad kommer m\/s Wasa Express att fyllas av folk-, spelmans- och dansmusik av varierande slag. Ett tiotal orkestrar och spelmanslag bjuder p\u00e5 musikupplevelser ombord under kryssningen.\u00a0 I fartygets konferensutrymmen(*) finns det en sk open-stage &hellip; <\/p>\n<p class=\"link-more\"><a href=\"http:\/\/kvarkenfolk2020.vaasa.ws\/\" class=\"more-link\">Forts\u00e4tt l\u00e4sa<span class=\"screen-reader-text\"> &#8221;Kvarken Folk 2020&#8221;<\/span><\/a><\/p>\n","protected":false},"author":2,"featured_media":0,"parent":0,"menu_order":0,"comment_status":"closed","ping_status":"closed","template":"","meta":[],"_links":{"self":[{"href":"http:\/\/kvarkenfolk2020.vaasa.ws\/index.php?rest_route=\/wp\/v2\/pages\/26"}],"collection":[{"href":"http:\/\/kvarkenfolk2020.vaasa.ws\/index.php?rest_route=\/wp\/v2\/pages"}],"about":[{"href":"http:\/\/kvarkenfolk2020.vaasa.ws\/index.php?rest_route=\/wp\/v2\/types\/page"}],"author":[{"embeddable":true,"href":"http:\/\/kvarkenfolk2020.vaasa.ws\/index.php?rest_route=\/wp\/v2\/users\/2"}],"replies":[{"embeddable":true,"href":"http:\/\/kvarkenfolk2020.vaasa.ws\/index.php?rest_route=%2Fwp%2Fv2%2Fcomments&post=26"}],"version-history":[{"count":18,"href":"http:\/\/kvarkenfolk2020.vaasa.ws\/index.php?rest_route=\/wp\/v2\/pages\/26\/revisions"}],"predecessor-version":[{"id":242,"href":"http:\/\/kvarkenfolk2020.vaasa.ws\/index.php?rest_route=\/wp\/v2\/pages\/26\/revisions\/242"}],"wp:attachment":[{"href":"http:\/\/kvarkenfolk2020.vaasa.ws\/index.php?rest_route=%2Fwp%2Fv2%2Fmedia&parent=26"}],"curies":[{"name":"wp","href":"https:\/\/api.w.org\/{rel}","templated":true}]}}