{"id":148,"date":"2019-03-21T11:10:49","date_gmt":"2019-03-21T09:10:49","guid":{"rendered":"http:\/\/kvarkenfolk2020.vaasa.ws\/?page_id=148"},"modified":"2020-02-10T16:35:09","modified_gmt":"2020-02-10T14:35:09","slug":"kryssningsbroschyr","status":"publish","type":"page","link":"http:\/\/kvarkenfolk2020.vaasa.ws\/?page_id=148","title":{"rendered":"Kryssningsbroschyr"},"content":{"rendered":"<p>&nbsp;<\/p>\n<p>&nbsp;<\/p>\n<p>Uppdateras senare\/P\u00e4ivitet\u00e4\u00e4n my\u00f6hemmin<\/p>\n<p>&nbsp;<\/p>\n<p>&nbsp;<\/p>\n","protected":false},"excerpt":{"rendered":"<p>&nbsp; &nbsp; Uppdateras senare\/P\u00e4ivitet\u00e4\u00e4n my\u00f6hemmin &nbsp; &nbsp;<\/p>\n","protected":false},"author":2,"featured_media":0,"parent":0,"menu_order":0,"comment_status":"closed","ping_status":"closed","template":"","meta":[],"_links":{"self":[{"href":"http:\/\/kvarkenfolk2020.vaasa.ws\/index.php?rest_route=\/wp\/v2\/pages\/148"}],"collection":[{"href":"http:\/\/kvarkenfolk2020.vaasa.ws\/index.php?rest_route=\/wp\/v2\/pages"}],"about":[{"href":"http:\/\/kvarkenfolk2020.vaasa.ws\/index.php?rest_route=\/wp\/v2\/types\/page"}],"author":[{"embeddable":true,"href":"http:\/\/kvarkenfolk2020.vaasa.ws\/index.php?rest_route=\/wp\/v2\/users\/2"}],"replies":[{"embeddable":true,"href":"http:\/\/kvarkenfolk2020.vaasa.ws\/index.php?rest_route=%2Fwp%2Fv2%2Fcomments&post=148"}],"version-history":[{"count":8,"href":"http:\/\/kvarkenfolk2020.vaasa.ws\/index.php?rest_route=\/wp\/v2\/pages\/148\/revisions"}],"predecessor-version":[{"id":220,"href":"http:\/\/kvarkenfolk2020.vaasa.ws\/index.php?rest_route=\/wp\/v2\/pages\/148\/revisions\/220"}],"wp:attachment":[{"href":"http:\/\/kvarkenfolk2020.vaasa.ws\/index.php?rest_route=%2Fwp%2Fv2%2Fmedia&parent=148"}],"curies":[{"name":"wp","href":"https:\/\/api.w.org\/{rel}","templated":true}]}}